{"id":46,"date":"2011-09-08T23:01:30","date_gmt":"2011-09-08T23:01:30","guid":{"rendered":"http:\/\/www.haactogo.tg\/?page_id=46"},"modified":"2019-11-03T11:29:48","modified_gmt":"2019-11-03T11:29:48","slug":"mission","status":"publish","type":"page","link":"https:\/\/www.haactogo.tg\/?page_id=46","title":{"rendered":"Mission"},"content":{"rendered":"<p>garantir et assurer la libert\u00e9 et la protection de la presse et de  tous moyens de communication de masse dans le respect de la loi\u00a0;<\/p>\n<p>veiller au respect de la d\u00e9ontologie\u00a0 en mati\u00e8re d\u2019information et \u00e0  l\u2019acc\u00e8s \u00e9quitable des partis politiques, des associations et des  citoyens aux moyens officiels d\u2019information et de communication\u00a0;<\/p>\n<p>garantir l\u2019utilisation \u00e9quitable et appropri\u00e9e des organismes publics  de presse et de communication audiovisuelle par les Institutions de la  R\u00e9publique\u00a0; chacune en fonction de ses missions constitutionnelles et  d\u2019assurer le cas \u00e9ch\u00e9ant les arbitrages n\u00e9cessaires\u00a0;<\/p>\n<p>garantir  l\u2019\u00e9veil juridique en p\u00e9riode \u00e9lectorale.<\/p>\n","protected":false},"excerpt":{"rendered":"<p>garantir et assurer la libert\u00e9 et la protection de la presse et de tous moyens de communication de masse dans le respect de la loi\u00a0; veiller au respect de la d\u00e9ontologie\u00a0 en mati\u00e8re d\u2019information et \u00e0 l\u2019acc\u00e8s \u00e9quitable des partis politiques, des associations et des citoyens aux moyens officiels d\u2019information et de communication\u00a0; garantir l\u2019utilisation [&hellip;]<\/p>\n","protected":false},"author":15,"featured_media":0,"parent":0,"menu_order":0,"comment_status":"open","ping_status":"closed","template":"","meta":{"footnotes":""},"class_list":["post-46","page","type-page","status-publish","hentry"],"_links":{"self":[{"href":"https:\/\/www.haactogo.tg\/index.php?rest_route=\/wp\/v2\/pages\/46","targetHints":{"allow":["GET"]}}],"collection":[{"href":"https:\/\/www.haactogo.tg\/index.php?rest_route=\/wp\/v2\/pages"}],"about":[{"href":"https:\/\/www.haactogo.tg\/index.php?rest_route=\/wp\/v2\/types\/page"}],"author":[{"embeddable":true,"href":"https:\/\/www.haactogo.tg\/index.php?rest_route=\/wp\/v2\/users\/15"}],"replies":[{"embeddable":true,"href":"https:\/\/www.haactogo.tg\/index.php?rest_route=%2Fwp%2Fv2%2Fcomments&post=46"}],"version-history":[{"count":3,"href":"https:\/\/www.haactogo.tg\/index.php?rest_route=\/wp\/v2\/pages\/46\/revisions"}],"predecessor-version":[{"id":5255,"href":"https:\/\/www.haactogo.tg\/index.php?rest_route=\/wp\/v2\/pages\/46\/revisions\/5255"}],"wp:attachment":[{"href":"https:\/\/www.haactogo.tg\/index.php?rest_route=%2Fwp%2Fv2%2Fmedia&parent=46"}],"curies":[{"name":"wp","href":"https:\/\/api.w.org\/{rel}","templated":true}]}}